{"id":4472,"date":"2025-03-11T12:11:17","date_gmt":"2025-03-11T10:11:17","guid":{"rendered":"https:\/\/3dbear.onedu.fi\/3dbear\/"},"modified":"2025-10-20T08:35:47","modified_gmt":"2025-10-20T05:35:47","slug":"3dbear","status":"publish","type":"page","link":"https:\/\/3dbear.onedu.fi\/fi\/","title":{"rendered":"3DBear"},"content":{"rendered":"\n<figure class=\"wp-block-image size-full\"><img loading=\"lazy\" decoding=\"async\" width=\"1400\" height=\"600\" src=\"https:\/\/3dbear.onedu.fi\/wp-content\/uploads\/2025\/03\/3dbear_hero_kuva.png\" alt=\"\" class=\"wp-image-57\" srcset=\"https:\/\/3dbear.onedu.fi\/wp-content\/uploads\/2025\/03\/3dbear_hero_kuva.png 1400w, https:\/\/3dbear.onedu.fi\/wp-content\/uploads\/2025\/03\/3dbear_hero_kuva-600x257.png 600w, https:\/\/3dbear.onedu.fi\/wp-content\/uploads\/2025\/03\/3dbear_hero_kuva-300x129.png 300w, https:\/\/3dbear.onedu.fi\/wp-content\/uploads\/2025\/03\/3dbear_hero_kuva-1024x439.png 1024w, https:\/\/3dbear.onedu.fi\/wp-content\/uploads\/2025\/03\/3dbear_hero_kuva-768x329.png 768w, https:\/\/3dbear.onedu.fi\/wp-content\/uploads\/2025\/03\/3dbear_hero_kuva-624x267.png 624w\" sizes=\"auto, (max-width: 1400px) 100vw, 1400px\" \/><\/figure>\n\n<h2 class=\"wp-block-heading\">Tervetuloa 3DBearin teko\u00e4lyavusteiseen koulutusymp\u00e4rist\u00f6\u00f6n!<\/h2>\n\n<p>Olet juuri saapunut <strong>Mobie Oy<\/strong>:n yll\u00e4pit\u00e4m\u00e4\u00e4n <strong>Competence X<\/strong> -koulutusymp\u00e4rist\u00f6\u00f6n. Tutustu koulutusymp\u00e4rist\u00f6\u00f6n sek\u00e4 sen <strong>teko\u00e4lypohjaisiin ty\u00f6kaluihin<\/strong> ja kerro meille, mit\u00e4 ajatuksia sinulle her\u00e4si!<\/p>\n\n<p>Kun katsot koulutusymp\u00e4rist\u00f6\u00e4 tietokoneella, l\u00f6yd\u00e4t <strong>vasemmasta valikosta<\/strong> kaikki sinun oppimiseesi ja koulutusymp\u00e4rist\u00f6n hallinnointiin liittyv\u00e4t linkit ja <strong>ylh\u00e4\u00e4lt\u00e4 oikealta<\/strong> sinun <strong>profiilisi sek\u00e4 siihen liittyv\u00e4t asetukset<\/strong>. Mobiilissa l\u00f6yd\u00e4t kaikki linkit <strong>vasemman yl\u00e4valikon<\/strong> takaa.<\/p>\n","protected":false},"excerpt":{"rendered":"<p>Tervetuloa 3DBearin teko\u00e4lyavusteiseen koulutusymp\u00e4rist\u00f6\u00f6n! Olet juuri saapunut Mobie Oy:n yll\u00e4pit\u00e4m\u00e4\u00e4n Competence X -koulutusymp\u00e4rist\u00f6\u00f6n. Tutustu koulutusymp\u00e4rist\u00f6\u00f6n sek\u00e4 sen teko\u00e4lypohjaisiin ty\u00f6kaluihin ja kerro meille, mit\u00e4 ajatuksia sinulle&hellip;<\/p>\n","protected":false},"author":1,"featured_media":0,"parent":0,"menu_order":0,"comment_status":"closed","ping_status":"closed","template":"","meta":{"footnotes":""},"class_list":["post-4472","page","type-page","status-publish","hentry"],"_links":{"self":[{"href":"https:\/\/3dbear.onedu.fi\/fi\/wp-json\/wp\/v2\/pages\/4472","targetHints":{"allow":["GET"]}}],"collection":[{"href":"https:\/\/3dbear.onedu.fi\/fi\/wp-json\/wp\/v2\/pages"}],"about":[{"href":"https:\/\/3dbear.onedu.fi\/fi\/wp-json\/wp\/v2\/types\/page"}],"author":[{"embeddable":true,"href":"https:\/\/3dbear.onedu.fi\/fi\/wp-json\/wp\/v2\/users\/1"}],"replies":[{"embeddable":true,"href":"https:\/\/3dbear.onedu.fi\/fi\/wp-json\/wp\/v2\/comments?post=4472"}],"version-history":[{"count":2,"href":"https:\/\/3dbear.onedu.fi\/fi\/wp-json\/wp\/v2\/pages\/4472\/revisions"}],"predecessor-version":[{"id":4475,"href":"https:\/\/3dbear.onedu.fi\/fi\/wp-json\/wp\/v2\/pages\/4472\/revisions\/4475"}],"wp:attachment":[{"href":"https:\/\/3dbear.onedu.fi\/fi\/wp-json\/wp\/v2\/media?parent=4472"}],"curies":[{"name":"wp","href":"https:\/\/api.w.org\/{rel}","templated":true}]}}